{"id":525,"date":"2024-09-08T23:28:44","date_gmt":"2024-09-08T23:28:44","guid":{"rendered":"https:\/\/melstreasures.al\/?post_type=product&#038;p=525"},"modified":"2024-09-08T23:31:45","modified_gmt":"2024-09-08T23:31:45","slug":"kuti-muzike-druri","status":"publish","type":"product","link":"https:\/\/melstreasures.al\/sq\/product\/kuti-muzike-druri\/","title":{"rendered":"Kuti muzike druri"},"content":{"rendered":"<p>Me nj\u00eb hap\u00ebsir\u00eb t\u00eb fsheht\u00eb p\u00ebr t\u00eb ruajtur sendet tuaja me vler\u00eb. Luan melodin\u00eb &#8220;Liqeni i Mjelmave&#8221;<\/p>","protected":false},"excerpt":{"rendered":"<p>Kuti muzike e p\u00ebrb\u00ebr\u00eb nga 315 Copa druri, susta, vegla ndihm\u00ebse<\/p>","protected":false},"featured_media":476,"comment_status":"open","ping_status":"closed","template":"","meta":[],"product_cat":[35],"product_tag":[],"class_list":{"0":"post-525","1":"product","2":"type-product","3":"status-publish","4":"has-post-thumbnail","6":"product_cat-puzzle","8":"first","9":"instock","10":"shipping-taxable","11":"purchasable","12":"product-type-simple"},"yoast_head":"<!-- This site is optimized with the Yoast SEO plugin v23.4 - https:\/\/yoast.com\/wordpress\/plugins\/seo\/ -->\n<title>Kuti muzike druri - Mel&#039;s Treasures<\/title>\n<meta name=\"robots\" content=\"index, follow, max-snippet:-1, max-image-preview:large, max-video-preview:-1\" \/>\n<link rel=\"canonical\" href=\"https:\/\/melstreasures.al\/sq\/produkt\/kuti-muzike-druri\/\" \/>\n<meta property=\"og:locale\" content=\"sq_AL\" \/>\n<meta property=\"og:type\" content=\"article\" \/>\n<meta property=\"og:title\" content=\"Kuti muzike druri - Mel&#039;s Treasures\" \/>\n<meta property=\"og:description\" content=\"Kuti muzike e p\u00ebrb\u00ebr\u00eb nga 315 Copa druri, susta, vegla ndihm\u00ebse\" \/>\n<meta property=\"og:url\" content=\"https:\/\/melstreasures.al\/sq\/produkt\/kuti-muzike-druri\/\" \/>\n<meta property=\"og:site_name\" content=\"Mel&#039;s Treasures\" \/>\n<meta property=\"article:modified_time\" content=\"2024-09-08T23:31:45+00:00\" \/>\n<meta property=\"og:image\" content=\"https:\/\/melstreasures.al\/wp-content\/uploads\/2024\/09\/MT-007.jpg\" \/>\n\t<meta property=\"og:image:width\" content=\"598\" \/>\n\t<meta property=\"og:image:height\" content=\"540\" \/>\n\t<meta property=\"og:image:type\" content=\"image\/jpeg\" \/>\n<meta name=\"twitter:card\" content=\"summary_large_image\" \/>\n<meta name=\"twitter:label1\" content=\"Est. reading time\" \/>\n\t<meta name=\"twitter:data1\" content=\"1 minut\u00eb\" \/>\n<script type=\"application\/ld+json\" class=\"yoast-schema-graph\">{\"@context\":\"https:\/\/schema.org\",\"@graph\":[{\"@type\":\"WebPage\",\"@id\":\"https:\/\/melstreasures.al\/product\/kuti-muzike-druri\/\",\"url\":\"https:\/\/melstreasures.al\/product\/kuti-muzike-druri\/\",\"name\":\"Kuti muzike druri - Mel&#039;s Treasures\",\"isPartOf\":{\"@id\":\"https:\/\/melstreasures.al\/#website\"},\"primaryImageOfPage\":{\"@id\":\"https:\/\/melstreasures.al\/product\/kuti-muzike-druri\/#primaryimage\"},\"image\":{\"@id\":\"https:\/\/melstreasures.al\/product\/kuti-muzike-druri\/#primaryimage\"},\"thumbnailUrl\":\"https:\/\/melstreasures.al\/wp-content\/uploads\/2024\/09\/MT-007.jpg\",\"datePublished\":\"2024-09-08T23:28:44+00:00\",\"dateModified\":\"2024-09-08T23:31:45+00:00\",\"breadcrumb\":{\"@id\":\"https:\/\/melstreasures.al\/product\/kuti-muzike-druri\/#breadcrumb\"},\"inLanguage\":\"sq\",\"potentialAction\":[{\"@type\":\"ReadAction\",\"target\":[\"https:\/\/melstreasures.al\/product\/kuti-muzike-druri\/\"]}]},{\"@type\":\"ImageObject\",\"inLanguage\":\"sq\",\"@id\":\"https:\/\/melstreasures.al\/product\/kuti-muzike-druri\/#primaryimage\",\"url\":\"https:\/\/melstreasures.al\/wp-content\/uploads\/2024\/09\/MT-007.jpg\",\"contentUrl\":\"https:\/\/melstreasures.al\/wp-content\/uploads\/2024\/09\/MT-007.jpg\",\"width\":598,\"height\":540},{\"@type\":\"BreadcrumbList\",\"@id\":\"https:\/\/melstreasures.al\/product\/kuti-muzike-druri\/#breadcrumb\",\"itemListElement\":[{\"@type\":\"ListItem\",\"position\":1,\"name\":\"Home\",\"item\":\"https:\/\/melstreasures.al\/\"},{\"@type\":\"ListItem\",\"position\":2,\"name\":\"Store\",\"item\":\"https:\/\/melstreasures.al\/store\/\"},{\"@type\":\"ListItem\",\"position\":3,\"name\":\"Kuti muzike druri\"}]},{\"@type\":\"WebSite\",\"@id\":\"https:\/\/melstreasures.al\/#website\",\"url\":\"https:\/\/melstreasures.al\/\",\"name\":\"Mel&#039;s Treasures\",\"description\":\"\",\"publisher\":{\"@id\":\"https:\/\/melstreasures.al\/#organization\"},\"potentialAction\":[{\"@type\":\"SearchAction\",\"target\":{\"@type\":\"EntryPoint\",\"urlTemplate\":\"https:\/\/melstreasures.al\/?s={search_term_string}\"},\"query-input\":{\"@type\":\"PropertyValueSpecification\",\"valueRequired\":true,\"valueName\":\"search_term_string\"}}],\"inLanguage\":\"sq\"},{\"@type\":\"Organization\",\"@id\":\"https:\/\/melstreasures.al\/#organization\",\"name\":\"Mel&#039;s Treasures\",\"url\":\"https:\/\/melstreasures.al\/\",\"logo\":{\"@type\":\"ImageObject\",\"inLanguage\":\"sq\",\"@id\":\"https:\/\/melstreasures.al\/#\/schema\/logo\/image\/\",\"url\":\"https:\/\/melstreasures.al\/wp-content\/uploads\/2024\/09\/mels-treasures-logo.png\",\"contentUrl\":\"https:\/\/melstreasures.al\/wp-content\/uploads\/2024\/09\/mels-treasures-logo.png\",\"width\":1000,\"height\":500,\"caption\":\"Mel&#039;s Treasures\"},\"image\":{\"@id\":\"https:\/\/melstreasures.al\/#\/schema\/logo\/image\/\"}}]}<\/script>\n<!-- \/ Yoast SEO plugin. -->","yoast_head_json":{"title":"Kuti muzike druri - Mel&#039;s Treasures","robots":{"index":"index","follow":"follow","max-snippet":"max-snippet:-1","max-image-preview":"max-image-preview:large","max-video-preview":"max-video-preview:-1"},"canonical":"https:\/\/melstreasures.al\/sq\/produkt\/kuti-muzike-druri\/","og_locale":"sq_AL","og_type":"article","og_title":"Kuti muzike druri - Mel&#039;s Treasures","og_description":"Kuti muzike e p\u00ebrb\u00ebr\u00eb nga 315 Copa druri, susta, vegla ndihm\u00ebse","og_url":"https:\/\/melstreasures.al\/sq\/produkt\/kuti-muzike-druri\/","og_site_name":"Mel&#039;s Treasures","article_modified_time":"2024-09-08T23:31:45+00:00","og_image":[{"width":598,"height":540,"url":"https:\/\/melstreasures.al\/wp-content\/uploads\/2024\/09\/MT-007.jpg","type":"image\/jpeg"}],"twitter_card":"summary_large_image","twitter_misc":{"Est. reading time":"1 minut\u00eb"},"schema":{"@context":"https:\/\/schema.org","@graph":[{"@type":"WebPage","@id":"https:\/\/melstreasures.al\/product\/kuti-muzike-druri\/","url":"https:\/\/melstreasures.al\/product\/kuti-muzike-druri\/","name":"Kuti muzike druri - Mel&#039;s Treasures","isPartOf":{"@id":"https:\/\/melstreasures.al\/#website"},"primaryImageOfPage":{"@id":"https:\/\/melstreasures.al\/product\/kuti-muzike-druri\/#primaryimage"},"image":{"@id":"https:\/\/melstreasures.al\/product\/kuti-muzike-druri\/#primaryimage"},"thumbnailUrl":"https:\/\/melstreasures.al\/wp-content\/uploads\/2024\/09\/MT-007.jpg","datePublished":"2024-09-08T23:28:44+00:00","dateModified":"2024-09-08T23:31:45+00:00","breadcrumb":{"@id":"https:\/\/melstreasures.al\/product\/kuti-muzike-druri\/#breadcrumb"},"inLanguage":"sq","potentialAction":[{"@type":"ReadAction","target":["https:\/\/melstreasures.al\/product\/kuti-muzike-druri\/"]}]},{"@type":"ImageObject","inLanguage":"sq","@id":"https:\/\/melstreasures.al\/product\/kuti-muzike-druri\/#primaryimage","url":"https:\/\/melstreasures.al\/wp-content\/uploads\/2024\/09\/MT-007.jpg","contentUrl":"https:\/\/melstreasures.al\/wp-content\/uploads\/2024\/09\/MT-007.jpg","width":598,"height":540},{"@type":"BreadcrumbList","@id":"https:\/\/melstreasures.al\/product\/kuti-muzike-druri\/#breadcrumb","itemListElement":[{"@type":"ListItem","position":1,"name":"Home","item":"https:\/\/melstreasures.al\/"},{"@type":"ListItem","position":2,"name":"Store","item":"https:\/\/melstreasures.al\/store\/"},{"@type":"ListItem","position":3,"name":"Kuti muzike druri"}]},{"@type":"WebSite","@id":"https:\/\/melstreasures.al\/#website","url":"https:\/\/melstreasures.al\/","name":"Mel&#039;s Treasures","description":"","publisher":{"@id":"https:\/\/melstreasures.al\/#organization"},"potentialAction":[{"@type":"SearchAction","target":{"@type":"EntryPoint","urlTemplate":"https:\/\/melstreasures.al\/?s={search_term_string}"},"query-input":{"@type":"PropertyValueSpecification","valueRequired":true,"valueName":"search_term_string"}}],"inLanguage":"sq"},{"@type":"Organization","@id":"https:\/\/melstreasures.al\/#organization","name":"Mel&#039;s Treasures","url":"https:\/\/melstreasures.al\/","logo":{"@type":"ImageObject","inLanguage":"sq","@id":"https:\/\/melstreasures.al\/#\/schema\/logo\/image\/","url":"https:\/\/melstreasures.al\/wp-content\/uploads\/2024\/09\/mels-treasures-logo.png","contentUrl":"https:\/\/melstreasures.al\/wp-content\/uploads\/2024\/09\/mels-treasures-logo.png","width":1000,"height":500,"caption":"Mel&#039;s Treasures"},"image":{"@id":"https:\/\/melstreasures.al\/#\/schema\/logo\/image\/"}}]}},"_links":{"self":[{"href":"https:\/\/melstreasures.al\/sq\/wp-json\/wp\/v2\/product\/525","targetHints":{"allow":["GET"]}}],"collection":[{"href":"https:\/\/melstreasures.al\/sq\/wp-json\/wp\/v2\/product"}],"about":[{"href":"https:\/\/melstreasures.al\/sq\/wp-json\/wp\/v2\/types\/product"}],"replies":[{"embeddable":true,"href":"https:\/\/melstreasures.al\/sq\/wp-json\/wp\/v2\/comments?post=525"}],"wp:featuredmedia":[{"embeddable":true,"href":"https:\/\/melstreasures.al\/sq\/wp-json\/wp\/v2\/media\/476"}],"wp:attachment":[{"href":"https:\/\/melstreasures.al\/sq\/wp-json\/wp\/v2\/media?parent=525"}],"wp:term":[{"taxonomy":"product_cat","embeddable":true,"href":"https:\/\/melstreasures.al\/sq\/wp-json\/wp\/v2\/product_cat?post=525"},{"taxonomy":"product_tag","embeddable":true,"href":"https:\/\/melstreasures.al\/sq\/wp-json\/wp\/v2\/product_tag?post=525"}],"curies":[{"name":"wp","href":"https:\/\/api.w.org\/{rel}","templated":true}]}}