{"id":526,"date":"2024-09-08T23:28:44","date_gmt":"2024-09-08T23:28:44","guid":{"rendered":"https:\/\/melstreasures.al\/?post_type=product&#038;p=526"},"modified":"2024-09-08T23:40:45","modified_gmt":"2024-09-08T23:40:45","slug":"sistemi-planetar-dhe-orbitat","status":"publish","type":"product","link":"https:\/\/melstreasures.al\/sq\/product\/sistemi-planetar-dhe-orbitat\/","title":{"rendered":"Sistemi planetar dhe orbitat"},"content":{"rendered":"<p>Montoje k\u00ebt\u00eb enigm\u00eb kaq t\u00eb ve\u00e7ant\u00eb dhe shiko sesi planetet rrotullohen rreth diellit q\u00eb shk\u00eblqen.<\/p>","protected":false},"excerpt":{"rendered":"<p>E p\u00ebrb\u00ebr\u00eb nga 316 pjes\u00eb<\/p>","protected":false},"featured_media":477,"comment_status":"open","ping_status":"closed","template":"","meta":[],"product_cat":[35],"product_tag":[],"class_list":{"0":"post-526","1":"product","2":"type-product","3":"status-publish","4":"has-post-thumbnail","6":"product_cat-puzzle","8":"first","9":"instock","10":"shipping-taxable","11":"purchasable","12":"product-type-simple"},"yoast_head":"<!-- This site is optimized with the Yoast SEO plugin v23.4 - https:\/\/yoast.com\/wordpress\/plugins\/seo\/ -->\n<title>Sistemi planetar dhe orbitat - Mel&#039;s Treasures<\/title>\n<meta name=\"robots\" content=\"index, follow, max-snippet:-1, max-image-preview:large, max-video-preview:-1\" \/>\n<link rel=\"canonical\" href=\"https:\/\/melstreasures.al\/sq\/produkt\/sistemi-planetar-dhe-orbitat\/\" \/>\n<meta property=\"og:locale\" content=\"sq_AL\" \/>\n<meta property=\"og:type\" content=\"article\" \/>\n<meta property=\"og:title\" content=\"Sistemi planetar dhe orbitat - Mel&#039;s Treasures\" \/>\n<meta property=\"og:description\" content=\"E p\u00ebrb\u00ebr\u00eb nga 316 pjes\u00eb\" \/>\n<meta property=\"og:url\" content=\"https:\/\/melstreasures.al\/sq\/produkt\/sistemi-planetar-dhe-orbitat\/\" \/>\n<meta property=\"og:site_name\" content=\"Mel&#039;s Treasures\" \/>\n<meta property=\"article:modified_time\" content=\"2024-09-08T23:40:45+00:00\" \/>\n<meta property=\"og:image\" content=\"https:\/\/melstreasures.al\/wp-content\/uploads\/2024\/09\/MT-008.jpg\" \/>\n\t<meta property=\"og:image:width\" content=\"600\" \/>\n\t<meta property=\"og:image:height\" content=\"589\" \/>\n\t<meta property=\"og:image:type\" content=\"image\/jpeg\" \/>\n<meta name=\"twitter:card\" content=\"summary_large_image\" \/>\n<meta name=\"twitter:label1\" content=\"Est. reading time\" \/>\n\t<meta name=\"twitter:data1\" content=\"1 minut\u00eb\" \/>\n<script type=\"application\/ld+json\" class=\"yoast-schema-graph\">{\"@context\":\"https:\/\/schema.org\",\"@graph\":[{\"@type\":\"WebPage\",\"@id\":\"https:\/\/melstreasures.al\/product\/sistemi-planetar-dhe-orbitat\/\",\"url\":\"https:\/\/melstreasures.al\/product\/sistemi-planetar-dhe-orbitat\/\",\"name\":\"Sistemi planetar dhe orbitat - Mel&#039;s Treasures\",\"isPartOf\":{\"@id\":\"https:\/\/melstreasures.al\/#website\"},\"primaryImageOfPage\":{\"@id\":\"https:\/\/melstreasures.al\/product\/sistemi-planetar-dhe-orbitat\/#primaryimage\"},\"image\":{\"@id\":\"https:\/\/melstreasures.al\/product\/sistemi-planetar-dhe-orbitat\/#primaryimage\"},\"thumbnailUrl\":\"https:\/\/melstreasures.al\/wp-content\/uploads\/2024\/09\/MT-008.jpg\",\"datePublished\":\"2024-09-08T23:28:44+00:00\",\"dateModified\":\"2024-09-08T23:40:45+00:00\",\"breadcrumb\":{\"@id\":\"https:\/\/melstreasures.al\/product\/sistemi-planetar-dhe-orbitat\/#breadcrumb\"},\"inLanguage\":\"sq\",\"potentialAction\":[{\"@type\":\"ReadAction\",\"target\":[\"https:\/\/melstreasures.al\/product\/sistemi-planetar-dhe-orbitat\/\"]}]},{\"@type\":\"ImageObject\",\"inLanguage\":\"sq\",\"@id\":\"https:\/\/melstreasures.al\/product\/sistemi-planetar-dhe-orbitat\/#primaryimage\",\"url\":\"https:\/\/melstreasures.al\/wp-content\/uploads\/2024\/09\/MT-008.jpg\",\"contentUrl\":\"https:\/\/melstreasures.al\/wp-content\/uploads\/2024\/09\/MT-008.jpg\",\"width\":600,\"height\":589},{\"@type\":\"BreadcrumbList\",\"@id\":\"https:\/\/melstreasures.al\/product\/sistemi-planetar-dhe-orbitat\/#breadcrumb\",\"itemListElement\":[{\"@type\":\"ListItem\",\"position\":1,\"name\":\"Home\",\"item\":\"https:\/\/melstreasures.al\/\"},{\"@type\":\"ListItem\",\"position\":2,\"name\":\"Store\",\"item\":\"https:\/\/melstreasures.al\/store\/\"},{\"@type\":\"ListItem\",\"position\":3,\"name\":\"Sistemi planetar dhe orbitat\"}]},{\"@type\":\"WebSite\",\"@id\":\"https:\/\/melstreasures.al\/#website\",\"url\":\"https:\/\/melstreasures.al\/\",\"name\":\"Mel&#039;s Treasures\",\"description\":\"\",\"publisher\":{\"@id\":\"https:\/\/melstreasures.al\/#organization\"},\"potentialAction\":[{\"@type\":\"SearchAction\",\"target\":{\"@type\":\"EntryPoint\",\"urlTemplate\":\"https:\/\/melstreasures.al\/?s={search_term_string}\"},\"query-input\":{\"@type\":\"PropertyValueSpecification\",\"valueRequired\":true,\"valueName\":\"search_term_string\"}}],\"inLanguage\":\"sq\"},{\"@type\":\"Organization\",\"@id\":\"https:\/\/melstreasures.al\/#organization\",\"name\":\"Mel&#039;s Treasures\",\"url\":\"https:\/\/melstreasures.al\/\",\"logo\":{\"@type\":\"ImageObject\",\"inLanguage\":\"sq\",\"@id\":\"https:\/\/melstreasures.al\/#\/schema\/logo\/image\/\",\"url\":\"https:\/\/melstreasures.al\/wp-content\/uploads\/2024\/09\/mels-treasures-logo.png\",\"contentUrl\":\"https:\/\/melstreasures.al\/wp-content\/uploads\/2024\/09\/mels-treasures-logo.png\",\"width\":1000,\"height\":500,\"caption\":\"Mel&#039;s Treasures\"},\"image\":{\"@id\":\"https:\/\/melstreasures.al\/#\/schema\/logo\/image\/\"}}]}<\/script>\n<!-- \/ Yoast SEO plugin. -->","yoast_head_json":{"title":"Sistemi planetar dhe orbitat - Mel&#039;s Treasures","robots":{"index":"index","follow":"follow","max-snippet":"max-snippet:-1","max-image-preview":"max-image-preview:large","max-video-preview":"max-video-preview:-1"},"canonical":"https:\/\/melstreasures.al\/sq\/produkt\/sistemi-planetar-dhe-orbitat\/","og_locale":"sq_AL","og_type":"article","og_title":"Sistemi planetar dhe orbitat - Mel&#039;s Treasures","og_description":"E p\u00ebrb\u00ebr\u00eb nga 316 pjes\u00eb","og_url":"https:\/\/melstreasures.al\/sq\/produkt\/sistemi-planetar-dhe-orbitat\/","og_site_name":"Mel&#039;s Treasures","article_modified_time":"2024-09-08T23:40:45+00:00","og_image":[{"width":600,"height":589,"url":"https:\/\/melstreasures.al\/wp-content\/uploads\/2024\/09\/MT-008.jpg","type":"image\/jpeg"}],"twitter_card":"summary_large_image","twitter_misc":{"Est. reading time":"1 minut\u00eb"},"schema":{"@context":"https:\/\/schema.org","@graph":[{"@type":"WebPage","@id":"https:\/\/melstreasures.al\/product\/sistemi-planetar-dhe-orbitat\/","url":"https:\/\/melstreasures.al\/product\/sistemi-planetar-dhe-orbitat\/","name":"Sistemi planetar dhe orbitat - Mel&#039;s Treasures","isPartOf":{"@id":"https:\/\/melstreasures.al\/#website"},"primaryImageOfPage":{"@id":"https:\/\/melstreasures.al\/product\/sistemi-planetar-dhe-orbitat\/#primaryimage"},"image":{"@id":"https:\/\/melstreasures.al\/product\/sistemi-planetar-dhe-orbitat\/#primaryimage"},"thumbnailUrl":"https:\/\/melstreasures.al\/wp-content\/uploads\/2024\/09\/MT-008.jpg","datePublished":"2024-09-08T23:28:44+00:00","dateModified":"2024-09-08T23:40:45+00:00","breadcrumb":{"@id":"https:\/\/melstreasures.al\/product\/sistemi-planetar-dhe-orbitat\/#breadcrumb"},"inLanguage":"sq","potentialAction":[{"@type":"ReadAction","target":["https:\/\/melstreasures.al\/product\/sistemi-planetar-dhe-orbitat\/"]}]},{"@type":"ImageObject","inLanguage":"sq","@id":"https:\/\/melstreasures.al\/product\/sistemi-planetar-dhe-orbitat\/#primaryimage","url":"https:\/\/melstreasures.al\/wp-content\/uploads\/2024\/09\/MT-008.jpg","contentUrl":"https:\/\/melstreasures.al\/wp-content\/uploads\/2024\/09\/MT-008.jpg","width":600,"height":589},{"@type":"BreadcrumbList","@id":"https:\/\/melstreasures.al\/product\/sistemi-planetar-dhe-orbitat\/#breadcrumb","itemListElement":[{"@type":"ListItem","position":1,"name":"Home","item":"https:\/\/melstreasures.al\/"},{"@type":"ListItem","position":2,"name":"Store","item":"https:\/\/melstreasures.al\/store\/"},{"@type":"ListItem","position":3,"name":"Sistemi planetar dhe orbitat"}]},{"@type":"WebSite","@id":"https:\/\/melstreasures.al\/#website","url":"https:\/\/melstreasures.al\/","name":"Mel&#039;s Treasures","description":"","publisher":{"@id":"https:\/\/melstreasures.al\/#organization"},"potentialAction":[{"@type":"SearchAction","target":{"@type":"EntryPoint","urlTemplate":"https:\/\/melstreasures.al\/?s={search_term_string}"},"query-input":{"@type":"PropertyValueSpecification","valueRequired":true,"valueName":"search_term_string"}}],"inLanguage":"sq"},{"@type":"Organization","@id":"https:\/\/melstreasures.al\/#organization","name":"Mel&#039;s Treasures","url":"https:\/\/melstreasures.al\/","logo":{"@type":"ImageObject","inLanguage":"sq","@id":"https:\/\/melstreasures.al\/#\/schema\/logo\/image\/","url":"https:\/\/melstreasures.al\/wp-content\/uploads\/2024\/09\/mels-treasures-logo.png","contentUrl":"https:\/\/melstreasures.al\/wp-content\/uploads\/2024\/09\/mels-treasures-logo.png","width":1000,"height":500,"caption":"Mel&#039;s Treasures"},"image":{"@id":"https:\/\/melstreasures.al\/#\/schema\/logo\/image\/"}}]}},"_links":{"self":[{"href":"https:\/\/melstreasures.al\/sq\/wp-json\/wp\/v2\/product\/526","targetHints":{"allow":["GET"]}}],"collection":[{"href":"https:\/\/melstreasures.al\/sq\/wp-json\/wp\/v2\/product"}],"about":[{"href":"https:\/\/melstreasures.al\/sq\/wp-json\/wp\/v2\/types\/product"}],"replies":[{"embeddable":true,"href":"https:\/\/melstreasures.al\/sq\/wp-json\/wp\/v2\/comments?post=526"}],"wp:featuredmedia":[{"embeddable":true,"href":"https:\/\/melstreasures.al\/sq\/wp-json\/wp\/v2\/media\/477"}],"wp:attachment":[{"href":"https:\/\/melstreasures.al\/sq\/wp-json\/wp\/v2\/media?parent=526"}],"wp:term":[{"taxonomy":"product_cat","embeddable":true,"href":"https:\/\/melstreasures.al\/sq\/wp-json\/wp\/v2\/product_cat?post=526"},{"taxonomy":"product_tag","embeddable":true,"href":"https:\/\/melstreasures.al\/sq\/wp-json\/wp\/v2\/product_tag?post=526"}],"curies":[{"name":"wp","href":"https:\/\/api.w.org\/{rel}","templated":true}]}}