{"id":530,"date":"2024-09-08T23:28:45","date_gmt":"2024-09-08T23:28:45","guid":{"rendered":"https:\/\/melstreasures.al\/?post_type=product&#038;p=530"},"modified":"2024-09-08T23:32:36","modified_gmt":"2024-09-08T23:32:36","slug":"alexandra-qaramania","status":"publish","type":"product","link":"https:\/\/melstreasures.al\/sq\/product\/alexandra-qaramania\/","title":{"rendered":"Alexandra Qaramania"},"content":{"rendered":"<p>Kukulla qan, thot\u00eb &#8220;Mama&#8221; dhe &#8220;Pap\u00e1&#8221;. Gjymtyr\u00ebt vinil dhe pa nyje. Biberoni i p\u00ebrfshir\u00eb<\/p>","protected":false},"excerpt":{"rendered":"<p>Alexandra \u00ebsht\u00eb nj\u00eb kukull e bukur, e cila gjithmon\u00eb d\u00ebshiron t\u00eb luaj\u00eb me ju.<\/p>","protected":false},"featured_media":481,"comment_status":"open","ping_status":"closed","template":"","meta":[],"product_cat":[36],"product_tag":[],"class_list":{"0":"post-530","1":"product","2":"type-product","3":"status-publish","4":"has-post-thumbnail","6":"product_cat-kukull","8":"first","9":"instock","10":"shipping-taxable","11":"purchasable","12":"product-type-simple"},"yoast_head":"<!-- This site is optimized with the Yoast SEO plugin v23.4 - https:\/\/yoast.com\/wordpress\/plugins\/seo\/ -->\n<title>Alexandra Qaramania - Mel&#039;s Treasures<\/title>\n<meta name=\"robots\" content=\"index, follow, max-snippet:-1, max-image-preview:large, max-video-preview:-1\" \/>\n<link rel=\"canonical\" href=\"https:\/\/melstreasures.al\/sq\/produkt\/alexandra-qaramania\/\" \/>\n<meta property=\"og:locale\" content=\"sq_AL\" \/>\n<meta property=\"og:type\" content=\"article\" \/>\n<meta property=\"og:title\" content=\"Alexandra Qaramania - Mel&#039;s Treasures\" \/>\n<meta property=\"og:description\" content=\"Alexandra \u00ebsht\u00eb nj\u00eb kukull e bukur, e cila gjithmon\u00eb d\u00ebshiron t\u00eb luaj\u00eb me ju.\" \/>\n<meta property=\"og:url\" content=\"https:\/\/melstreasures.al\/sq\/produkt\/alexandra-qaramania\/\" \/>\n<meta property=\"og:site_name\" content=\"Mel&#039;s Treasures\" \/>\n<meta property=\"article:modified_time\" content=\"2024-09-08T23:32:36+00:00\" \/>\n<meta property=\"og:image\" content=\"https:\/\/melstreasures.al\/wp-content\/uploads\/2024\/09\/MT-012.jpg\" \/>\n\t<meta property=\"og:image:width\" content=\"461\" \/>\n\t<meta property=\"og:image:height\" content=\"576\" \/>\n\t<meta property=\"og:image:type\" content=\"image\/jpeg\" \/>\n<meta name=\"twitter:card\" content=\"summary_large_image\" \/>\n<meta name=\"twitter:label1\" content=\"Est. reading time\" \/>\n\t<meta name=\"twitter:data1\" content=\"1 minut\u00eb\" \/>\n<script type=\"application\/ld+json\" class=\"yoast-schema-graph\">{\"@context\":\"https:\/\/schema.org\",\"@graph\":[{\"@type\":\"WebPage\",\"@id\":\"https:\/\/melstreasures.al\/product\/alexandra-qaramania\/\",\"url\":\"https:\/\/melstreasures.al\/product\/alexandra-qaramania\/\",\"name\":\"Alexandra Qaramania - Mel&#039;s Treasures\",\"isPartOf\":{\"@id\":\"https:\/\/melstreasures.al\/#website\"},\"primaryImageOfPage\":{\"@id\":\"https:\/\/melstreasures.al\/product\/alexandra-qaramania\/#primaryimage\"},\"image\":{\"@id\":\"https:\/\/melstreasures.al\/product\/alexandra-qaramania\/#primaryimage\"},\"thumbnailUrl\":\"https:\/\/melstreasures.al\/wp-content\/uploads\/2024\/09\/MT-012.jpg\",\"datePublished\":\"2024-09-08T23:28:45+00:00\",\"dateModified\":\"2024-09-08T23:32:36+00:00\",\"breadcrumb\":{\"@id\":\"https:\/\/melstreasures.al\/product\/alexandra-qaramania\/#breadcrumb\"},\"inLanguage\":\"sq\",\"potentialAction\":[{\"@type\":\"ReadAction\",\"target\":[\"https:\/\/melstreasures.al\/product\/alexandra-qaramania\/\"]}]},{\"@type\":\"ImageObject\",\"inLanguage\":\"sq\",\"@id\":\"https:\/\/melstreasures.al\/product\/alexandra-qaramania\/#primaryimage\",\"url\":\"https:\/\/melstreasures.al\/wp-content\/uploads\/2024\/09\/MT-012.jpg\",\"contentUrl\":\"https:\/\/melstreasures.al\/wp-content\/uploads\/2024\/09\/MT-012.jpg\",\"width\":461,\"height\":576},{\"@type\":\"BreadcrumbList\",\"@id\":\"https:\/\/melstreasures.al\/product\/alexandra-qaramania\/#breadcrumb\",\"itemListElement\":[{\"@type\":\"ListItem\",\"position\":1,\"name\":\"Home\",\"item\":\"https:\/\/melstreasures.al\/\"},{\"@type\":\"ListItem\",\"position\":2,\"name\":\"Store\",\"item\":\"https:\/\/melstreasures.al\/store\/\"},{\"@type\":\"ListItem\",\"position\":3,\"name\":\"Alexandra Qaramania\"}]},{\"@type\":\"WebSite\",\"@id\":\"https:\/\/melstreasures.al\/#website\",\"url\":\"https:\/\/melstreasures.al\/\",\"name\":\"Mel&#039;s Treasures\",\"description\":\"\",\"publisher\":{\"@id\":\"https:\/\/melstreasures.al\/#organization\"},\"potentialAction\":[{\"@type\":\"SearchAction\",\"target\":{\"@type\":\"EntryPoint\",\"urlTemplate\":\"https:\/\/melstreasures.al\/?s={search_term_string}\"},\"query-input\":{\"@type\":\"PropertyValueSpecification\",\"valueRequired\":true,\"valueName\":\"search_term_string\"}}],\"inLanguage\":\"sq\"},{\"@type\":\"Organization\",\"@id\":\"https:\/\/melstreasures.al\/#organization\",\"name\":\"Mel&#039;s Treasures\",\"url\":\"https:\/\/melstreasures.al\/\",\"logo\":{\"@type\":\"ImageObject\",\"inLanguage\":\"sq\",\"@id\":\"https:\/\/melstreasures.al\/#\/schema\/logo\/image\/\",\"url\":\"https:\/\/melstreasures.al\/wp-content\/uploads\/2024\/09\/mels-treasures-logo.png\",\"contentUrl\":\"https:\/\/melstreasures.al\/wp-content\/uploads\/2024\/09\/mels-treasures-logo.png\",\"width\":1000,\"height\":500,\"caption\":\"Mel&#039;s Treasures\"},\"image\":{\"@id\":\"https:\/\/melstreasures.al\/#\/schema\/logo\/image\/\"}}]}<\/script>\n<!-- \/ Yoast SEO plugin. -->","yoast_head_json":{"title":"Alexandra Qaramania - Mel&#039;s Treasures","robots":{"index":"index","follow":"follow","max-snippet":"max-snippet:-1","max-image-preview":"max-image-preview:large","max-video-preview":"max-video-preview:-1"},"canonical":"https:\/\/melstreasures.al\/sq\/produkt\/alexandra-qaramania\/","og_locale":"sq_AL","og_type":"article","og_title":"Alexandra Qaramania - Mel&#039;s Treasures","og_description":"Alexandra \u00ebsht\u00eb nj\u00eb kukull e bukur, e cila gjithmon\u00eb d\u00ebshiron t\u00eb luaj\u00eb me ju.","og_url":"https:\/\/melstreasures.al\/sq\/produkt\/alexandra-qaramania\/","og_site_name":"Mel&#039;s Treasures","article_modified_time":"2024-09-08T23:32:36+00:00","og_image":[{"width":461,"height":576,"url":"https:\/\/melstreasures.al\/wp-content\/uploads\/2024\/09\/MT-012.jpg","type":"image\/jpeg"}],"twitter_card":"summary_large_image","twitter_misc":{"Est. reading time":"1 minut\u00eb"},"schema":{"@context":"https:\/\/schema.org","@graph":[{"@type":"WebPage","@id":"https:\/\/melstreasures.al\/product\/alexandra-qaramania\/","url":"https:\/\/melstreasures.al\/product\/alexandra-qaramania\/","name":"Alexandra Qaramania - Mel&#039;s Treasures","isPartOf":{"@id":"https:\/\/melstreasures.al\/#website"},"primaryImageOfPage":{"@id":"https:\/\/melstreasures.al\/product\/alexandra-qaramania\/#primaryimage"},"image":{"@id":"https:\/\/melstreasures.al\/product\/alexandra-qaramania\/#primaryimage"},"thumbnailUrl":"https:\/\/melstreasures.al\/wp-content\/uploads\/2024\/09\/MT-012.jpg","datePublished":"2024-09-08T23:28:45+00:00","dateModified":"2024-09-08T23:32:36+00:00","breadcrumb":{"@id":"https:\/\/melstreasures.al\/product\/alexandra-qaramania\/#breadcrumb"},"inLanguage":"sq","potentialAction":[{"@type":"ReadAction","target":["https:\/\/melstreasures.al\/product\/alexandra-qaramania\/"]}]},{"@type":"ImageObject","inLanguage":"sq","@id":"https:\/\/melstreasures.al\/product\/alexandra-qaramania\/#primaryimage","url":"https:\/\/melstreasures.al\/wp-content\/uploads\/2024\/09\/MT-012.jpg","contentUrl":"https:\/\/melstreasures.al\/wp-content\/uploads\/2024\/09\/MT-012.jpg","width":461,"height":576},{"@type":"BreadcrumbList","@id":"https:\/\/melstreasures.al\/product\/alexandra-qaramania\/#breadcrumb","itemListElement":[{"@type":"ListItem","position":1,"name":"Home","item":"https:\/\/melstreasures.al\/"},{"@type":"ListItem","position":2,"name":"Store","item":"https:\/\/melstreasures.al\/store\/"},{"@type":"ListItem","position":3,"name":"Alexandra Qaramania"}]},{"@type":"WebSite","@id":"https:\/\/melstreasures.al\/#website","url":"https:\/\/melstreasures.al\/","name":"Mel&#039;s Treasures","description":"","publisher":{"@id":"https:\/\/melstreasures.al\/#organization"},"potentialAction":[{"@type":"SearchAction","target":{"@type":"EntryPoint","urlTemplate":"https:\/\/melstreasures.al\/?s={search_term_string}"},"query-input":{"@type":"PropertyValueSpecification","valueRequired":true,"valueName":"search_term_string"}}],"inLanguage":"sq"},{"@type":"Organization","@id":"https:\/\/melstreasures.al\/#organization","name":"Mel&#039;s Treasures","url":"https:\/\/melstreasures.al\/","logo":{"@type":"ImageObject","inLanguage":"sq","@id":"https:\/\/melstreasures.al\/#\/schema\/logo\/image\/","url":"https:\/\/melstreasures.al\/wp-content\/uploads\/2024\/09\/mels-treasures-logo.png","contentUrl":"https:\/\/melstreasures.al\/wp-content\/uploads\/2024\/09\/mels-treasures-logo.png","width":1000,"height":500,"caption":"Mel&#039;s Treasures"},"image":{"@id":"https:\/\/melstreasures.al\/#\/schema\/logo\/image\/"}}]}},"_links":{"self":[{"href":"https:\/\/melstreasures.al\/sq\/wp-json\/wp\/v2\/product\/530","targetHints":{"allow":["GET"]}}],"collection":[{"href":"https:\/\/melstreasures.al\/sq\/wp-json\/wp\/v2\/product"}],"about":[{"href":"https:\/\/melstreasures.al\/sq\/wp-json\/wp\/v2\/types\/product"}],"replies":[{"embeddable":true,"href":"https:\/\/melstreasures.al\/sq\/wp-json\/wp\/v2\/comments?post=530"}],"wp:featuredmedia":[{"embeddable":true,"href":"https:\/\/melstreasures.al\/sq\/wp-json\/wp\/v2\/media\/481"}],"wp:attachment":[{"href":"https:\/\/melstreasures.al\/sq\/wp-json\/wp\/v2\/media?parent=530"}],"wp:term":[{"taxonomy":"product_cat","embeddable":true,"href":"https:\/\/melstreasures.al\/sq\/wp-json\/wp\/v2\/product_cat?post=530"},{"taxonomy":"product_tag","embeddable":true,"href":"https:\/\/melstreasures.al\/sq\/wp-json\/wp\/v2\/product_tag?post=530"}],"curies":[{"name":"wp","href":"https:\/\/api.w.org\/{rel}","templated":true}]}}